{"id":151,"date":"2024-01-10T15:05:19","date_gmt":"2024-01-10T15:05:19","guid":{"rendered":"https:\/\/moveinhealth.com\/?page_id=151"},"modified":"2026-01-27T12:05:48","modified_gmt":"2026-01-27T12:05:48","slug":"over-eva","status":"publish","type":"page","link":"https:\/\/moveinhealth.com\/en\/over-eva\/","title":{"rendered":"About Eva"},"content":{"rendered":"<p>[et_pb_section fb_built=&#8221;1&#8243; admin_label=&#8221;Header&#8221; _builder_version=&#8221;4.23&#8243; _module_preset=&#8221;default&#8221; use_background_color_gradient=&#8221;on&#8221; background_color_gradient_direction=&#8221;90deg&#8221; background_color_gradient_stops=&#8221;gcid-1f519274-0a72-45d8-8578-e31fbdc93f8d 5%|rgba(255,251,243,0) 100%&#8221; background_color_gradient_overlays_image=&#8221;on&#8221; background_image=&#8221;https:\/\/moveinhealth.com\/wp-content\/uploads\/2023\/12\/IMG_1175-scaled.jpg&#8221; custom_padding=&#8221;1vw||1vw||true|false&#8221; collapsed=&#8221;on&#8221; global_colors_info=&#8221;{%22gcid-1f519274-0a72-45d8-8578-e31fbdc93f8d%22:%91%22background_color_gradient_stops%22%93}&#8221;][et_pb_row column_structure=&#8221;2_3,1_3&#8243; _builder_version=&#8221;4.20.0&#8243; _module_preset=&#8221;default&#8221; min_height=&#8221;755.3px&#8221; global_colors_info=&#8221;{}&#8221;][et_pb_column type=&#8221;2_3&#8243; _builder_version=&#8221;4.20.0&#8243; _module_preset=&#8221;default&#8221; global_colors_info=&#8221;{}&#8221;][et_pb_text _builder_version=&#8221;4.23&#8243; _module_preset=&#8221;dbae17c9-b5ce-4e1e-b2df-0c5812422d9e&#8221; global_colors_info=&#8221;{}&#8221;][\/et_pb_text][et_pb_text _builder_version=&#8221;4.23&#8243; _module_preset=&#8221;3881a8de-a84e-4e2a-9383-1aa93088ca0b&#8221; header_font=&#8221;Adamina|500|||||||&#8221; header_font_size=&#8221;60px&#8221; header_text_shadow_style=&#8221;preset1&#8243; global_colors_info=&#8221;{}&#8221;]<\/p>\n<h1>About Eva Willemijn<\/h1>\n<p>[\/et_pb_text][et_pb_text _builder_version=&#8221;4.23&#8243; _module_preset=&#8221;a3765f3a-add5-4804-b6c4-fc2a4b306385&#8243; text_font=&#8221;Adamina||||||||&#8221; text_text_color=&#8221;#000000&#8243; text_font_size=&#8221;15px&#8221; global_colors_info=&#8221;{}&#8221;]<\/p>\n<p data-start=\"132\" data-end=\"394\">\u201cEva is een levendig voorbeeld van hoe je een gezond leven leidt, zowel lichamelijk als geestelijk. Wat haar onderscheidt is niet alleen haar toewijding aan een natuurlijke leefstijl, maar vooral hoe moeiteloos ze dit verweeft in haar dagelijkse leven.\u201d<\/p>\n<h4 data-start=\"396\" data-end=\"444\"><strong data-start=\"399\" data-end=\"444\">A holistic approach to health<\/strong><\/h4>\n<p data-start=\"446\" data-end=\"691\">In mijn werk staat het geheel centraal: lichaam, geest, energie en levensstijl vormen \u00e9\u00e9n systeem dat voortdurend met elkaar samenwerkt.<br data-start=\"582\" data-end=\"585\" \/>Echte gezondheid gaat voor mij niet over perfectie, maar over balans, bewustzijn en verbinding met jezelf.<\/p>\n<p data-start=\"693\" data-end=\"913\">In een wereld die steeds sneller wordt, hebben we momenten van stilte en vertraging nodig.<br data-start=\"783\" data-end=\"786\" \/>Ruimte om te ademen, los te laten en opnieuw contact te maken met onze innerlijke bron,\u00a0 met creativiteit, passie en verlangen.<\/p>\n<p data-start=\"915\" data-end=\"1205\">De natuur is daarbij een van onze grootste bondgenoten.<br data-start=\"970\" data-end=\"973\" \/>Verse lucht. Diepe ademhaling. Stilte. Het ritme van de elementen.<br data-start=\"1039\" data-end=\"1042\" \/>Wanneer we onszelf toestaan om in de natuur te zijn, komt ons systeem als vanzelf terug in balans. We vullen onszelf opnieuw met energie, helderheid en vitaliteit.<\/p>\n<h4 data-start=\"1207\" data-end=\"1260\"><strong data-start=\"1210\" data-end=\"1260\">Gezonde leefstijl vraagt om tijd en integratie<\/strong><\/h4>\n<p data-start=\"1262\" data-end=\"1534\">Een leefstijl die je voedt, ontspant en oplaadt, ontstaat niet in \u00e9\u00e9n dag.<br data-start=\"1336\" data-end=\"1339\" \/>Het vraagt om aandacht, herhaling en liefdevolle keuzes en vooral om ruimte om te voelen wat jouw lichaam \u00e9cht nodig heeft.<br data-start=\"1464\" data-end=\"1467\" \/>Wanneer je dat leert, wordt gezond leven vanzelf een tweede natuur.<\/p>\n<h4 data-start=\"1536\" data-end=\"1586\"><strong data-start=\"1539\" data-end=\"1586\">Trajecten voor vrouwen die kwaliteit zoeken<\/strong><\/h4>\n<p data-start=\"1588\" data-end=\"1905\">Naast de retraites die ik begeleid, werk ik voornamelijk met vrouwen in diepgaande trajecten.<br data-start=\"1681\" data-end=\"1684\" \/>Vrouwen die kwaliteit willen in hun leven, op \u00e1lle lagen: gezondheid, relaties, werk, sensualiteit en innerlijke kracht.<br data-start=\"1805\" data-end=\"1808\" \/>Vrouwen die voelen dat er meer mogelijk is, en die klaar zijn voor verandering die \u00e9cht beklijft.<\/p>\n<p>[\/et_pb_text][et_pb_button button_url=&#8221;https:\/\/moveinhealth.com\/aanbod\/&#8221; url_new_window=&#8221;on&#8221; button_text=&#8221;Aanbod&#8221; _builder_version=&#8221;4.23&#8243; _module_preset=&#8221;a12fd841-5991-4512-8666-e7f2c92af177&#8243; button_text_size=&#8221;17px&#8221; button_text_color=&#8221;#000000&#8243; button_bg_color=&#8221;#DFB758&#8243; button_border_radius=&#8221;15px&#8221; button_font=&#8221;Adamina|700|||||||&#8221; custom_margin=&#8221;0px||||false|false&#8221; button_text_shadow_style=&#8221;preset5&#8243; button_text_shadow_horizontal_length=&#8221;0.1em&#8221; button_text_shadow_color=&#8221;#D6D6D6&#8243; global_colors_info=&#8221;{}&#8221;][\/et_pb_button][\/et_pb_column][et_pb_column type=&#8221;1_3&#8243; _builder_version=&#8221;4.20.0&#8243; _module_preset=&#8221;default&#8221; global_colors_info=&#8221;{}&#8221;][\/et_pb_column][\/et_pb_row][\/et_pb_section][et_pb_section fb_built=&#8221;1&#8243; _builder_version=&#8221;4.23&#8243; _module_preset=&#8221;default&#8221; background_color=&#8221;#f3efe5&#8243; custom_padding=&#8221;28px||32px|||&#8221; global_colors_info=&#8221;{}&#8221;][et_pb_row _builder_version=&#8221;4.23&#8243; _module_preset=&#8221;default&#8221; global_colors_info=&#8221;{}&#8221;][et_pb_column type=&#8221;4_4&#8243; _builder_version=&#8221;4.23&#8243; _module_preset=&#8221;default&#8221; global_colors_info=&#8221;{}&#8221;][et_pb_text _builder_version=&#8221;4.23&#8243; _module_preset=&#8221;default&#8221; text_font=&#8221;Adamina||||||||&#8221; header_font=&#8221;Adamina||||||||&#8221; header_3_font=&#8221;Adamina||||||||&#8221; header_3_font_size=&#8221;19px&#8221; text_orientation=&#8221;center&#8221; custom_margin=&#8221;0px||||false|false&#8221; custom_padding=&#8221;10px|10px|10px|10px|false|false&#8221; border_radii=&#8221;on|13px|13px|13px|13px&#8221; box_shadow_style=&#8221;preset1&#8243; box_shadow_spread=&#8221;19px&#8221; box_shadow_color=&#8221;#FFFFFF&#8221; global_colors_info=&#8221;{}&#8221;]<\/p>\n<h3>\u201cEva loves life: for many people she is an example of HEALTHY LIVING.<\/h3>\n<h3><span>What is normal for her is a great INSPIRATION for many\u201d\u00a0<\/span><\/h3>\n<p>[\/et_pb_text][\/et_pb_column][\/et_pb_row][\/et_pb_section][et_pb_section fb_built=&#8221;1&#8243; admin_label=&#8221;About&#8221; _builder_version=&#8221;4.23&#8243; _module_preset=&#8221;default&#8221; background_color=&#8221;gcid-904649ba-8489-45ef-bc4d-794bd4d0fcba&#8221; overflow-x=&#8221;hidden&#8221; overflow-y=&#8221;hidden&#8221; custom_margin=&#8221;-19px|||||&#8221; custom_padding=&#8221;71px||3px||false|false&#8221; collapsed=&#8221;on&#8221; global_colors_info=&#8221;{%22gcid-904649ba-8489-45ef-bc4d-794bd4d0fcba%22:%91%22background_color%22%93}&#8221;][et_pb_row column_structure=&#8221;1_2,1_2&#8243; custom_padding_last_edited=&#8221;on|tablet&#8221; _builder_version=&#8221;4.20.0&#8243; _module_preset=&#8221;default&#8221; custom_padding=&#8221;11px|60px|11px|60px|true|true&#8221; custom_padding_tablet=&#8221;30px|30px|30px|30px|true|true&#8221; custom_padding_phone=&#8221;20px|20px|20px|20px|true|true&#8221; border_width_all=&#8221;1px&#8221; border_color_all=&#8221;gcid-97182601-61ab-4626-954a-29b0757ae92a&#8221; global_colors_info=&#8221;{%22gcid-97182601-61ab-4626-954a-29b0757ae92a%22:%91%22border_color_all%22%93}&#8221;][et_pb_column type=&#8221;1_2&#8243; _builder_version=&#8221;4.20.0&#8243; _module_preset=&#8221;default&#8221; global_colors_info=&#8221;{}&#8221;][et_pb_image src=&#8221;https:\/\/moveinhealth.com\/wp-content\/uploads\/2023\/12\/beauty-esthetician-42.png&#8221; title_text=&#8221;beauty-esthetician-42&#8243; _builder_version=&#8221;4.20.0&#8243; _module_preset=&#8221;default&#8221; transform_translate=&#8221;75%|-60%&#8221; transform_translate_linked=&#8221;off&#8221; positioning=&#8221;absolute&#8221; position_origin_a=&#8221;top_right&#8221; width=&#8221;50%&#8221; global_colors_info=&#8221;{}&#8221;][\/et_pb_image][et_pb_image src=&#8221;https:\/\/moveinhealth.com\/wp-content\/uploads\/2025\/09\/IMG_8020-scaled.jpg&#8221; title_text=&#8221;IMG_8020&#8243; _builder_version=&#8221;4.23&#8243; _module_preset=&#8221;default&#8221; custom_margin=&#8221;-120px|||-120px|false|false&#8221; custom_margin_tablet=&#8221;0px|||0px|false|false&#8221; custom_margin_phone=&#8221;0px|||0px|false|false&#8221; custom_margin_last_edited=&#8221;on|desktop&#8221; custom_padding=&#8221;|79px||||&#8221; global_colors_info=&#8221;{}&#8221;][\/et_pb_image][\/et_pb_column][et_pb_column type=&#8221;1_2&#8243; _builder_version=&#8221;4.20.0&#8243; _module_preset=&#8221;default&#8221; global_colors_info=&#8221;{}&#8221;][et_pb_text _builder_version=&#8221;4.20.0&#8243; _module_preset=&#8221;ad53a687-d73e-4107-a9f3-3495e301a466&#8243; global_colors_info=&#8221;{}&#8221;]<\/p>\n<h2>Visie en Missie<\/h2>\n<p>[\/et_pb_text][et_pb_text _builder_version=&#8221;4.23&#8243; _module_preset=&#8221;a3765f3a-add5-4804-b6c4-fc2a4b306385&#8243; text_font=&#8221;Adamina||||||||&#8221; text_font_size=&#8221;15px&#8221; global_colors_info=&#8221;{}&#8221;]<\/p>\n<h4 data-start=\"148\" data-end=\"229\"><strong data-start=\"151\" data-end=\"229\">Mijn passie: het menselijk lichaam en de kunst van goed voor jezelf zorgen<\/strong><\/h4>\n<p data-start=\"231\" data-end=\"594\">Al vanaf mijn tienerjaren heeft mijn sensitiviteit mij geleid naar een diep onderzoek naar gezondheid, balans en natuurlijk leven. Niet omdat ik een keuze had, maar omdat mijn lichaam mij daartoe uitnodigde. Soms zacht, soms dwingend. Het werd het begin van een lange en liefdevolle reis: een zoektocht naar wat het betekent om \u00e9cht goed voor jezelf te zorgen.<\/p>\n<p data-start=\"596\" data-end=\"839\">Onderweg ontdekte ik dat er geen simpele, \u00e9\u00e9n-op-\u00e9\u00e9n oplossing bestaat voor gezondheidsklachten of voor het leven zelf. Maar wat ik w\u00e9l vond, is iets veel waardevollers: een <strong data-start=\"772\" data-end=\"838\">holistische kijk op gezondheid, het lichaam en mens-zijn<\/strong>.<\/p>\n<p data-start=\"841\" data-end=\"957\">Ik leerde dat gezondheid niet alleen gaat over eten, bewegen of ons fysieke lichaam, maar over alles wat ons voedt: verse lucht, gezond en puur eten, natuur die ons reguleert en heelt, echte, eerlijke communicatie, sensualiteit en intimiteit, het bewegen van energie, inspirerende relaties, ontspanning, liefde, creativiteit, stilte \u00e9n beweging, de ruimte om te voelen wat waar is voor ons.<\/p>\n<p data-start=\"1279\" data-end=\"1455\">Voor mij is dit de essentie van een gezond leven: een leven waarin je jezelf steeds dieper leert kennen, respecteren en eren: in je lichaam, in je energie en in je relaties.<\/p>\n<p>[\/et_pb_text][\/et_pb_column][\/et_pb_row][\/et_pb_section][et_pb_section fb_built=&#8221;1&#8243; admin_label=&#8221;Quote&#8221; _builder_version=&#8221;4.23&#8243; _module_preset=&#8221;default&#8221; use_background_color_gradient=&#8221;on&#8221; background_color_gradient_stops=&#8221;rgba(0,0,0,0.5) 0%|rgba(0,0,0,0.5) 100%&#8221; background_color_gradient_overlays_image=&#8221;on&#8221; background_image=&#8221;https:\/\/moveinhealth.com\/wp-content\/uploads\/2025\/09\/IMG_8024-scaled.jpg&#8221; parallax=&#8221;on&#8221; custom_padding=&#8221;8vw||8vw||true|false&#8221; saved_tabs=&#8221;all&#8221; locked=&#8221;off&#8221; collapsed=&#8221;on&#8221; global_colors_info=&#8221;{}&#8221;][et_pb_row _builder_version=&#8221;4.20.0&#8243; _module_preset=&#8221;default&#8221; max_width=&#8221;820px&#8221; global_colors_info=&#8221;{}&#8221;][et_pb_column type=&#8221;4_4&#8243; _builder_version=&#8221;4.20.0&#8243; _module_preset=&#8221;default&#8221; global_colors_info=&#8221;{}&#8221;][et_pb_text _builder_version=&#8221;4.20.0&#8243; _module_preset=&#8221;ad53a687-d73e-4107-a9f3-3495e301a466&#8243; header_2_font=&#8221;Playfair Display|500|on||||||&#8221; header_2_text_color=&#8221;#FFFFFF&#8221; text_orientation=&#8221;center&#8221; global_colors_info=&#8221;{}&#8221;]<\/p>\n<h2>&#8220;Lust for life&#8221;<\/h2>\n<p>[\/et_pb_text][\/et_pb_column][\/et_pb_row][\/et_pb_section][et_pb_section fb_built=&#8221;1&#8243; admin_label=&#8221;Why Choose Us&#8221; _builder_version=&#8221;4.20.0&#8243; _module_preset=&#8221;default&#8221; background_color=&#8221;gcid-904649ba-8489-45ef-bc4d-794bd4d0fcba&#8221; custom_margin=&#8221;||-68px|||&#8221; custom_padding=&#8221;5px|||||&#8221; collapsed=&#8221;on&#8221; global_colors_info=&#8221;{%22gcid-904649ba-8489-45ef-bc4d-794bd4d0fcba%22:%91%22background_color%22%93}&#8221;][et_pb_row column_structure=&#8221;3_5,2_5&#8243; _builder_version=&#8221;4.20.0&#8243; _module_preset=&#8221;default&#8221; global_colors_info=&#8221;{}&#8221;][et_pb_column type=&#8221;3_5&#8243; _builder_version=&#8221;4.20.0&#8243; _module_preset=&#8221;default&#8221; global_colors_info=&#8221;{}&#8221;][et_pb_text _builder_version=&#8221;4.23&#8243; _module_preset=&#8221;ad53a687-d73e-4107-a9f3-3495e301a466&#8243; custom_margin=&#8221;-11px|||||&#8221; global_colors_info=&#8221;{}&#8221;]<\/p>\n<h2>Background Eva<\/h2>\n<p>[\/et_pb_text][\/et_pb_column][et_pb_column type=&#8221;2_5&#8243; _builder_version=&#8221;4.20.0&#8243; _module_preset=&#8221;default&#8221; global_colors_info=&#8221;{}&#8221;][\/et_pb_column][\/et_pb_row][et_pb_row _builder_version=&#8221;4.23&#8243; _module_preset=&#8221;default&#8221; custom_margin=&#8221;|129px||auto||&#8221; global_colors_info=&#8221;{}&#8221;][et_pb_column type=&#8221;4_4&#8243; _builder_version=&#8221;4.23&#8243; _module_preset=&#8221;default&#8221; background_color=&#8221;RGBA(255,255,255,0)&#8221; global_colors_info=&#8221;{}&#8221;][et_pb_image src=&#8221;https:\/\/moveinhealth.com\/wp-content\/uploads\/2023\/12\/Logo-rock-salt.png&#8221; title_text=&#8221;Logo rock salt&#8221; _builder_version=&#8221;4.23&#8243; _module_preset=&#8221;default&#8221; width=&#8221;13.5%&#8221; custom_margin=&#8221;-56px||-1px||false|false&#8221; custom_padding=&#8221;10px||0px|0px||&#8221; global_colors_info=&#8221;{}&#8221;][\/et_pb_image][\/et_pb_column][\/et_pb_row][et_pb_row _builder_version=&#8221;4.23&#8243; _module_preset=&#8221;default&#8221; global_colors_info=&#8221;{}&#8221;][et_pb_column type=&#8221;4_4&#8243; _builder_version=&#8221;4.23&#8243; _module_preset=&#8221;default&#8221; global_colors_info=&#8221;{}&#8221;][et_pb_text _builder_version=&#8221;4.23&#8243; _module_preset=&#8221;default&#8221; text_font=&#8221;Adamina||||||||&#8221; text_text_color=&#8221;#3f4041&#8243; text_font_size=&#8221;15px&#8221; width=&#8221;97.1%&#8221; custom_margin=&#8221;-49px|||||&#8221; global_colors_info=&#8221;{}&#8221;]<\/p>\n<p class=\"p1\">Van oorsprong ben ik milieuantropologe, met een fascinatie voor de relatie tussen de mens en haar omgeving. In de loop der jaren verschoof mijn aandacht van de buitenwereld naar de binnenwereld. Het lichaam, de geest en de subtiele verbinding daartussen. Dit groeide uit tot een diepgewortelde passie voor holistische gezondheid.<\/p>\n<p class=\"p1\">My approach is tailored to you as a whole. In a time when we are constantly \u201cswitched on,\u201d I warmly invite you to slow down, let go, and reconnect\u2014with yourself, your body, your creativity, your desires, and your passions.<\/p>\n<p class=\"p1\">One of my great sources of inspiration is nature: the fresh air, the silence, the rhythm of the seasons, the simplicity of being present.<\/p>\n<p class=\"p1\">In addition to the retreats that I organize, I mainly guide women in trajectories. Women who desire more quality in their lives, on all levels. How can you live fully and be relaxed? How can you land firmly in your body and remain soft at the same time?<\/p>\n<p class=\"p1\">Naast mijn universitaite opleiding heb ik diverse andere opleiding en cursussen gedaan, waaronder yoga (Hatha, Yin, Anusara, ademwerk), massage (Thaise, Ayurvedische, Lomi Lomi), stem- en bewegingstherapie, Reiki, opstellingen, sjamanisme, Healing Tao, Ayurveda en mindfulness. Ik ben op dit moment bezig met een verdiepende opleiding tot sex- en relatiecoach. Ik begeleid reeds vrouwen en stellen in de transformatie van seksualiteit en relaties.<\/p>\n<p>[\/et_pb_text][\/et_pb_column][\/et_pb_row][\/et_pb_section][et_pb_section fb_built=&#8221;1&#8243; admin_label=&#8221;Footer&#8221; _builder_version=&#8221;4.20.0&#8243; _module_preset=&#8221;default&#8221; background_color=&#8221;gcid-904649ba-8489-45ef-bc4d-794bd4d0fcba&#8221; custom_margin=&#8221;-6px|||||&#8221; custom_padding=&#8221;0px|||||&#8221; saved_tabs=&#8221;all&#8221; collapsed=&#8221;on&#8221; global_colors_info=&#8221;{%22gcid-904649ba-8489-45ef-bc4d-794bd4d0fcba%22:%91%22background_color%22%93}&#8221;][et_pb_row _builder_version=&#8221;4.20.0&#8243; _module_preset=&#8221;default&#8221; custom_margin=&#8221;-14px|auto||auto||&#8221; global_colors_info=&#8221;{}&#8221;][et_pb_column type=&#8221;4_4&#8243; _builder_version=&#8221;4.20.0&#8243; _module_preset=&#8221;default&#8221; global_colors_info=&#8221;{}&#8221;][et_pb_text _builder_version=&#8221;4.23&#8243; _module_preset=&#8221;ad53a687-d73e-4107-a9f3-3495e301a466&#8243; text_orientation=&#8221;center&#8221; global_colors_info=&#8221;{}&#8221;]<\/p>\n<h2>Contact<\/h2>\n<p>[\/et_pb_text][\/et_pb_column][\/et_pb_row][et_pb_row column_structure=&#8221;1_3,1_3,1_3&#8243; _builder_version=&#8221;4.23&#8243; _module_preset=&#8221;default&#8221; box_shadow_style=&#8221;preset1&#8243; global_colors_info=&#8221;{}&#8221;][et_pb_column type=&#8221;1_3&#8243; _builder_version=&#8221;4.20.0&#8243; _module_preset=&#8221;default&#8221; global_colors_info=&#8221;{}&#8221;][et_pb_text _builder_version=&#8221;4.23&#8243; _module_preset=&#8221;cf012575-f3f1-4a2b-8447-405925ef0a7d&#8221; header_4_text_color=&#8221;gcid-97182601-61ab-4626-954a-29b0757ae92a&#8221; text_orientation=&#8221;center&#8221; custom_margin=&#8221;||20px||false|false&#8221; global_colors_info=&#8221;{%22gcid-97182601-61ab-4626-954a-29b0757ae92a%22:%91%22header_4_text_color%22%93}&#8221;]<\/p>\n<h4>Location<\/h4>\n<p>[\/et_pb_text][et_pb_text _builder_version=&#8221;4.23&#8243; _module_preset=&#8221;05d65438-92c2-4736-ac6c-bb8ba64794b3&#8243; text_font=&#8221;Adamina||||||||&#8221; link_text_color=&#8221;gcid-593669bf-7b77-45f1-89ce-cfe13309ccf8&#8243; text_orientation=&#8221;center&#8221; global_colors_info=&#8221;{%22gcid-593669bf-7b77-45f1-89ce-cfe13309ccf8%22:%91%22text_text_color%22,%22link_text_color%22%93}&#8221;]<\/p>\n<p>Regio Amsterdam, Haarlem, Zeist<\/p>\n<p>[\/et_pb_text][\/et_pb_column][et_pb_column type=&#8221;1_3&#8243; _builder_version=&#8221;4.20.0&#8243; _module_preset=&#8221;default&#8221; global_colors_info=&#8221;{}&#8221;][et_pb_text _builder_version=&#8221;4.20.0&#8243; _module_preset=&#8221;cf012575-f3f1-4a2b-8447-405925ef0a7d&#8221; header_4_text_color=&#8221;gcid-97182601-61ab-4626-954a-29b0757ae92a&#8221; text_orientation=&#8221;center&#8221; custom_margin=&#8221;||20px||false|false&#8221; global_colors_info=&#8221;{%22gcid-97182601-61ab-4626-954a-29b0757ae92a%22:%91%22header_4_text_color%22%93}&#8221;]<\/p>\n<h4>Email<\/h4>\n<p>[\/et_pb_text][et_pb_text _builder_version=&#8221;4.23&#8243; _module_preset=&#8221;05d65438-92c2-4736-ac6c-bb8ba64794b3&#8243; text_font=&#8221;Adamina||||||||&#8221; link_text_color=&#8221;gcid-593669bf-7b77-45f1-89ce-cfe13309ccf8&#8243; text_orientation=&#8221;center&#8221; link_option_url=&#8221;mailto: info@moveinhealth.com&#8221; link_option_url_new_window=&#8221;on&#8221; global_colors_info=&#8221;{%22gcid-593669bf-7b77-45f1-89ce-cfe13309ccf8%22:%91%22text_text_color%22,%22link_text_color%22%93}&#8221;]<\/p>\n<p>info@moveinhealth.com<\/p>\n<p>[\/et_pb_text][\/et_pb_column][et_pb_column type=&#8221;1_3&#8243; _builder_version=&#8221;4.20.0&#8243; _module_preset=&#8221;default&#8221; global_colors_info=&#8221;{}&#8221;][et_pb_text _builder_version=&#8221;4.23&#8243; _module_preset=&#8221;cf012575-f3f1-4a2b-8447-405925ef0a7d&#8221; header_4_text_color=&#8221;gcid-97182601-61ab-4626-954a-29b0757ae92a&#8221; text_orientation=&#8221;center&#8221; custom_margin=&#8221;||20px||false|false&#8221; global_colors_info=&#8221;{%22gcid-97182601-61ab-4626-954a-29b0757ae92a%22:%91%22header_4_text_color%22%93}&#8221;]<\/p>\n<h4>Phone<\/h4>\n<p>[\/et_pb_text][et_pb_text _builder_version=&#8221;4.23&#8243; _module_preset=&#8221;05d65438-92c2-4736-ac6c-bb8ba64794b3&#8243; link_text_color=&#8221;gcid-593669bf-7b77-45f1-89ce-cfe13309ccf8&#8243; text_orientation=&#8221;center&#8221; link_option_url=&#8221;Tel: 0616246940&#8243; global_colors_info=&#8221;{%22gcid-593669bf-7b77-45f1-89ce-cfe13309ccf8%22:%91%22text_text_color%22,%22link_text_color%22%93}&#8221;]<\/p>\n<p>+31 (0) 616246940<\/p>\n<p>[\/et_pb_text][\/et_pb_column][\/et_pb_row][et_pb_row _builder_version=&#8221;4.23&#8243; _module_preset=&#8221;default&#8221; custom_padding=&#8221;0px||0px|||&#8221; global_colors_info=&#8221;{}&#8221;][et_pb_column type=&#8221;4_4&#8243; _builder_version=&#8221;4.23&#8243; _module_preset=&#8221;default&#8221; global_colors_info=&#8221;{}&#8221;][\/et_pb_column][\/et_pb_row][et_pb_row column_structure=&#8221;1_2,1_2&#8243; make_equal=&#8221;on&#8221; _builder_version=&#8221;4.23&#8243; _module_preset=&#8221;default&#8221; global_colors_info=&#8221;{}&#8221;][et_pb_column type=&#8221;1_2&#8243; _builder_version=&#8221;4.20.0&#8243; _module_preset=&#8221;default&#8221; z_index=&#8221;10&#8243; global_colors_info=&#8221;{}&#8221;][et_pb_text _builder_version=&#8221;4.23&#8243; _module_preset=&#8221;647192e0-e555-4cb8-ac2c-6afce8d55300&#8243; custom_margin=&#8221;||10px||false|false&#8221; global_colors_info=&#8221;{}&#8221;]<\/p>\n<h3>Subscribe to the newsletter<\/h3>\n<p>[\/et_pb_text][et_pb_signup mailchimp_list=&#8221;Moveinhealth|5bde27ebca&#8221; name_field=&#8221;on&#8221; success_message=&#8221;Bedankt voor je inschrijving!&#8221; button_text=&#8221;Inschrijven&#8221; _builder_version=&#8221;4.23&#8243; _module_preset=&#8221;c9facd69-4a98-4090-bba4-1693d9f49a08&#8243; result_message_font=&#8221;Adamina||||||||&#8221; button_text_size=&#8221;17px&#8221; button_bg_color=&#8221;#DFB758&#8243; button_border_radius=&#8221;15px&#8221; button_font=&#8221;Adamina|700|||||||&#8221; border_color_all_fields=&#8221;gcid-593669bf-7b77-45f1-89ce-cfe13309ccf8&#8243; button_text_shadow_style=&#8221;preset5&#8243; button_text_shadow_color=&#8221;#000000&#8243; box_shadow_style_button=&#8221;preset1&#8243; locked=&#8221;off&#8221; global_colors_info=&#8221;{%22gcid-593669bf-7b77-45f1-89ce-cfe13309ccf8%22:%91%22border_color_all_fields%22,%22form_field_text_color%22,%22border_color_all_fields%22,%22form_field_text_color%22,%22border_color_all_fields%22%93}&#8221;][\/et_pb_signup][\/et_pb_column][et_pb_column type=&#8221;1_2&#8243; _builder_version=&#8221;4.23&#8243; _module_preset=&#8221;default&#8221; background_image=&#8221;https:\/\/moveinhealth.com\/wp-content\/uploads\/2024\/06\/fullsizeoutput_9a83-scaled.jpeg&#8221; global_colors_info=&#8221;{}&#8221;][et_pb_divider show_divider=&#8221;off&#8221; _builder_version=&#8221;4.23&#8243; _module_preset=&#8221;default&#8221; height_tablet=&#8221;24vw&#8221; height_phone=&#8221;24vw&#8221; height_last_edited=&#8221;on|desktop&#8221; global_colors_info=&#8221;{}&#8221;][\/et_pb_divider][\/et_pb_column][\/et_pb_row][\/et_pb_section]<\/p>","protected":false},"excerpt":{"rendered":"<p>Over Eva Willemijn\u201cEva is een levendig voorbeeld van hoe je een gezond leven leidt, zowel lichamelijk als geestelijk. Wat haar onderscheidt is niet alleen haar toewijding aan een natuurlijke leefstijl, maar vooral hoe moeiteloos ze dit verweeft in haar dagelijkse leven.\u201d Een holistische benadering van gezondheid In mijn werk staat het geheel centraal: lichaam, geest, [&hellip;]<\/p>","protected":false},"author":1,"featured_media":0,"parent":0,"menu_order":0,"comment_status":"closed","ping_status":"closed","template":"","meta":{"_et_pb_use_builder":"on","_et_pb_old_content":"","_et_gb_content_width":"","footnotes":""},"_links":{"self":[{"href":"https:\/\/moveinhealth.com\/en\/wp-json\/wp\/v2\/pages\/151"}],"collection":[{"href":"https:\/\/moveinhealth.com\/en\/wp-json\/wp\/v2\/pages"}],"about":[{"href":"https:\/\/moveinhealth.com\/en\/wp-json\/wp\/v2\/types\/page"}],"author":[{"embeddable":true,"href":"https:\/\/moveinhealth.com\/en\/wp-json\/wp\/v2\/users\/1"}],"replies":[{"embeddable":true,"href":"https:\/\/moveinhealth.com\/en\/wp-json\/wp\/v2\/comments?post=151"}],"version-history":[{"count":37,"href":"https:\/\/moveinhealth.com\/en\/wp-json\/wp\/v2\/pages\/151\/revisions"}],"predecessor-version":[{"id":981,"href":"https:\/\/moveinhealth.com\/en\/wp-json\/wp\/v2\/pages\/151\/revisions\/981"}],"wp:attachment":[{"href":"https:\/\/moveinhealth.com\/en\/wp-json\/wp\/v2\/media?parent=151"}],"curies":[{"name":"wp","href":"https:\/\/api.w.org\/{rel}","templated":true}]}}